{"id":43,"date":"2024-03-25T02:45:42","date_gmt":"2024-03-25T02:45:42","guid":{"rendered":"https:\/\/demo2wpopal.b-cdn.net\/rebuilto\/?page_id=43"},"modified":"2025-01-15T02:40:27","modified_gmt":"2025-01-14T19:40:27","slug":"su-menh-tam-nhin","status":"publish","type":"page","link":"https:\/\/vndc.com.vn\/en\/su-menh-tam-nhin\/","title":{"rendered":"Mission &amp; Vision"},"content":{"rendered":"<div data-elementor-type=\"wp-page\" data-elementor-id=\"43\" class=\"elementor elementor-43\" data-elementor-post-type=\"page\">\n\t\t\t\t<div class=\"elementor-element elementor-element-6ddc681 e-flex e-con-boxed e-con e-parent\" data-id=\"6ddc681\" data-element_type=\"container\">\n\t\t\t\t\t<div class=\"e-con-inner\">\n\t\t<div class=\"elementor-element elementor-element-bd2b95a e-con-full e-flex e-con e-child\" data-id=\"bd2b95a\" data-element_type=\"container\">\n\t\t\t\t<div class=\"elementor-element elementor-element-6e8affa elementor-widget__width-initial animated-fast elementor-widget-divider--view-line elementor-invisible elementor-widget elementor-widget-divider\" data-id=\"6e8affa\" data-element_type=\"widget\" data-settings=\"{&quot;_animation&quot;:&quot;slideInRight&quot;}\" data-widget_type=\"divider.default\">\n\t\t\t\t<div class=\"elementor-widget-container\">\n\t\t\t\t\t<div class=\"elementor-divider\">\n\t\t\t<span class=\"elementor-divider-separator\">\n\t\t\t\t\t\t<\/span>\n\t\t<\/div>\n\t\t\t\t<\/div>\n\t\t\t\t<\/div>\n\t\t\t\t<div class=\"elementor-element elementor-element-8aa9d0b animated-fast elementor-invisible elementor-widget elementor-widget-heading\" data-id=\"8aa9d0b\" data-element_type=\"widget\" data-settings=\"{&quot;_animation&quot;:&quot;opal-scale-up&quot;}\" data-widget_type=\"heading.default\">\n\t\t\t\t<div class=\"elementor-widget-container\">\n\t\t\t<p class=\"elementor-heading-title elementor-size-default\">Vision &amp; Core Values<\/p>\t\t<\/div>\n\t\t\t\t<\/div>\n\t\t\t\t<\/div>\n\t\t<div class=\"elementor-element elementor-element-bfbd36b e-con-full e-flex e-con e-child\" data-id=\"bfbd36b\" data-element_type=\"container\">\n\t\t\t\t<div class=\"elementor-element elementor-element-68ee8ab elementor-widget__width-initial animated-fast elementor-invisible elementor-widget elementor-widget-heading\" data-id=\"68ee8ab\" data-element_type=\"widget\" data-settings=\"{&quot;_animation&quot;:&quot;opal-move-left&quot;}\" data-widget_type=\"heading.default\">\n\t\t\t\t<div class=\"elementor-widget-container\">\n\t\t\t<h2 class=\"elementor-heading-title elementor-size-default\">HELP INVESTORS DEVELOP PROJECTS PROFESSIONALLY AND EFFECTIVELY<\/h2>\t\t<\/div>\n\t\t\t\t<\/div>\n\t\t\t\t<\/div>\n\t\t\t\t\t<\/div>\n\t\t\t\t<\/div>\n\t\t<div class=\"elementor-element elementor-element-c12b925 e-con-full e-flex e-con e-parent\" data-id=\"c12b925\" data-element_type=\"container\" data-settings=\"{&quot;background_background&quot;:&quot;gradient&quot;}\">\n\t\t\t\t<div class=\"elementor-element elementor-element-44cdb20 elementor-tabs-style-1 e-n-tabs-mobile elementor-widget elementor-widget-n-tabs\" data-id=\"44cdb20\" data-element_type=\"widget\" data-settings=\"{&quot;tabs_justify_horizontal&quot;:&quot;start&quot;,&quot;horizontal_scroll&quot;:&quot;disable&quot;}\" data-widget_type=\"nested-tabs.default\">\n\t\t\t\t<div class=\"elementor-widget-container\">\n\t\t\t\t\t<div class=\"e-n-tabs\" data-widget-number=\"72145696\" aria-label=\"Tabs. Open items with Enter or Space, close with Esc, and navigate with the arrow keys.\">\n\t\t\t<div class=\"e-n-tabs-heading\" role=\"tablist\">\n\t\t\t\t\t<button id=\"e-n-tab-title-721456961\" class=\"e-n-tab-title\" aria-selected=\"true\" data-tab-index=\"1\" role=\"tab\" tabindex=\"0\" aria-controls=\"e-n-tab-content-721456961\" style=\"--n-tabs-title-order: 1;\">\n\t\t\t\t\t\t<span class=\"e-n-tab-title-text\">\n\t\t\t\tVision\t\t\t<\/span>\n\t\t<\/button>\n\t\t\t\t<button id=\"e-n-tab-title-721456962\" class=\"e-n-tab-title\" aria-selected=\"false\" data-tab-index=\"2\" role=\"tab\" tabindex=\"-1\" aria-controls=\"e-n-tab-content-721456962\" style=\"--n-tabs-title-order: 2;\">\n\t\t\t\t\t\t<span class=\"e-n-tab-title-text\">\n\t\t\t\tCore Values\t\t\t<\/span>\n\t\t<\/button>\n\t\t\t\t\t<\/div>\n\t\t\t<div class=\"e-n-tabs-content\">\n\t\t\t\t<div id=\"e-n-tab-content-721456961\" role=\"tabpanel\" aria-labelledby=\"e-n-tab-title-721456961\" data-tab-index=\"1\" style=\"--n-tabs-title-order: 1;\" class=\"e-active elementor-element elementor-element-92d6562 e-con-full e-flex e-con e-child\" data-id=\"92d6562\" data-element_type=\"container\">\n\t\t\t\t<div class=\"elementor-element elementor-element-caf6863 elementor-absolute elementor-hidden-mobile_extra elementor-hidden-mobile elementor-widget elementor-widget-image\" data-id=\"caf6863\" data-element_type=\"widget\" data-settings=\"{&quot;_position&quot;:&quot;absolute&quot;}\" data-widget_type=\"image.default\">\n\t\t\t\t<div class=\"elementor-widget-container\">\n\t\t\t\t\t\t\t\t\t\t\t\t\t<img fetchpriority=\"high\" decoding=\"async\" width=\"1640\" height=\"924\" src=\"https:\/\/vndc.com.vn\/wp-content\/uploads\/2024\/12\/tam-nhin.jpg\" class=\"attachment-full size-full wp-image-6209\" alt=\"\" srcset=\"https:\/\/vndc.com.vn\/wp-content\/uploads\/2024\/12\/tam-nhin.jpg 1640w, https:\/\/vndc.com.vn\/wp-content\/uploads\/2024\/12\/tam-nhin-300x169.jpg 300w, https:\/\/vndc.com.vn\/wp-content\/uploads\/2024\/12\/tam-nhin-1024x577.jpg 1024w, https:\/\/vndc.com.vn\/wp-content\/uploads\/2024\/12\/tam-nhin-768x433.jpg 768w, https:\/\/vndc.com.vn\/wp-content\/uploads\/2024\/12\/tam-nhin-1536x865.jpg 1536w\" sizes=\"(max-width: 1640px) 100vw, 1640px\" \/>\t\t\t\t\t\t\t\t\t\t\t\t\t<\/div>\n\t\t\t\t<\/div>\n\t\t<div class=\"elementor-element elementor-element-5df05c0 e-flex e-con-boxed e-con e-child\" data-id=\"5df05c0\" data-element_type=\"container\">\n\t\t\t\t\t<div class=\"e-con-inner\">\n\t\t<div class=\"elementor-element elementor-element-cbde5ab e-con-full e-flex e-con e-child\" data-id=\"cbde5ab\" data-element_type=\"container\" data-settings=\"{&quot;background_background&quot;:&quot;classic&quot;}\">\n\t\t\t\t<\/div>\n\t\t<div class=\"elementor-element elementor-element-9ef7881 e-con-full e-flex e-con e-child\" data-id=\"9ef7881\" data-element_type=\"container\">\n\t\t\t\t<div class=\"elementor-element elementor-element-fd2b415 elementor-widget__width-inherit elementor-widget elementor-widget-heading\" data-id=\"fd2b415\" data-element_type=\"widget\" data-widget_type=\"heading.default\">\n\t\t\t\t<div class=\"elementor-widget-container\">\n\t\t\t<h4 class=\"elementor-heading-title elementor-size-default\">Not just solutions, but exceptional experiences<\/h4>\t\t<\/div>\n\t\t\t\t<\/div>\n\t\t\t\t<div class=\"elementor-element elementor-element-480ac85 elementor-widget__width-inherit elementor-widget elementor-widget-text-editor\" data-id=\"480ac85\" data-element_type=\"widget\" data-widget_type=\"text-editor.default\">\n\t\t\t\t<div class=\"elementor-widget-container\">\n\t\t\t\t\t\t\tOur goal is to become one of the top 7 construction consulting firms in the minds of investors. With a team of highly experienced professionals and in-depth legal expertise, we aim to deliver not only optimal solutions but also an outstanding experience for our clients.\t\t\t\t\t\t<\/div>\n\t\t\t\t<\/div>\n\t\t\t\t<\/div>\n\t\t\t\t\t<\/div>\n\t\t\t\t<\/div>\n\t\t\t\t<\/div>\n\t\t<div id=\"e-n-tab-content-721456962\" role=\"tabpanel\" aria-labelledby=\"e-n-tab-title-721456962\" data-tab-index=\"2\" style=\"--n-tabs-title-order: 2;\" class=\"elementor-element elementor-element-9c83225 e-con-full e-flex e-con e-child\" data-id=\"9c83225\" data-element_type=\"container\">\n\t\t\t\t<div class=\"elementor-element elementor-element-ab83bcf elementor-absolute elementor-hidden-mobile_extra elementor-hidden-mobile elementor-widget elementor-widget-image\" data-id=\"ab83bcf\" data-element_type=\"widget\" data-settings=\"{&quot;_position&quot;:&quot;absolute&quot;}\" data-widget_type=\"image.default\">\n\t\t\t\t<div class=\"elementor-widget-container\">\n\t\t\t\t\t\t\t\t\t\t\t\t\t<img decoding=\"async\" width=\"1640\" height=\"924\" src=\"https:\/\/vndc.com.vn\/wp-content\/uploads\/2024\/12\/gia-tri.jpg\" class=\"attachment-full size-full wp-image-6211\" alt=\"\" srcset=\"https:\/\/vndc.com.vn\/wp-content\/uploads\/2024\/12\/gia-tri.jpg 1640w, https:\/\/vndc.com.vn\/wp-content\/uploads\/2024\/12\/gia-tri-300x169.jpg 300w, https:\/\/vndc.com.vn\/wp-content\/uploads\/2024\/12\/gia-tri-1024x577.jpg 1024w, https:\/\/vndc.com.vn\/wp-content\/uploads\/2024\/12\/gia-tri-768x433.jpg 768w, https:\/\/vndc.com.vn\/wp-content\/uploads\/2024\/12\/gia-tri-1536x865.jpg 1536w\" sizes=\"(max-width: 1640px) 100vw, 1640px\" \/>\t\t\t\t\t\t\t\t\t\t\t\t\t<\/div>\n\t\t\t\t<\/div>\n\t\t<div class=\"elementor-element elementor-element-22ebbe2 e-flex e-con-boxed e-con e-child\" data-id=\"22ebbe2\" data-element_type=\"container\">\n\t\t\t\t\t<div class=\"e-con-inner\">\n\t\t<div class=\"elementor-element elementor-element-ae9e2c4 e-con-full e-flex e-con e-child\" data-id=\"ae9e2c4\" data-element_type=\"container\" data-settings=\"{&quot;background_background&quot;:&quot;classic&quot;}\">\n\t\t\t\t<\/div>\n\t\t<div class=\"elementor-element elementor-element-599b9da e-con-full e-flex e-con e-child\" data-id=\"599b9da\" data-element_type=\"container\">\n\t\t\t\t<div class=\"elementor-element elementor-element-ff9c861 elementor-widget__width-inherit elementor-widget elementor-widget-heading\" data-id=\"ff9c861\" data-element_type=\"widget\" data-widget_type=\"heading.default\">\n\t\t\t\t<div class=\"elementor-widget-container\">\n\t\t\t<h4 class=\"elementor-heading-title elementor-size-default\">Transparency - Integrity - Adaptability.<\/h4>\t\t<\/div>\n\t\t\t\t<\/div>\n\t\t\t\t<div class=\"elementor-element elementor-element-8e7abc5 elementor-widget__width-inherit elementor-widget elementor-widget-text-editor\" data-id=\"8e7abc5\" data-element_type=\"widget\" data-widget_type=\"text-editor.default\">\n\t\t\t\t<div class=\"elementor-widget-container\">\n\t\t\t\t\t\t\t<p><strong>Transparency:<\/strong> Keeping stakeholders informed throughout the project development process to ensure consensus on deliverables.<\/p><p>We are committed to clarity at every stage of collaboration. From the initial meetings to project completion, stakeholders are consistently updated and closely follow the progress. Transparency is how we ensure that everyone understands their role and works towards a shared goal\u2014complete satisfaction with the final deliverables.<\/p><p class=\"translation-block\"><strong>Integrity:<\/strong> Alignment between words and actions.<\/p><p>\"We say what we mean and do what we say\"\u2014this principle is at the core of our operations. Integrity is not just about keeping promises but also about committing to quality and responsibility. This spirit of integrity enables us to build trust and become a reliable partner on every journey.<\/p><p><strong>Adaptability:<\/strong> Combining existing knowledge with customer feedback to create new insights for the best client experience.<\/p><p>Every client experience is a valuable lesson. We actively listen, collect feedback, and continuously improve by blending current knowledge with innovative ideas. This adaptability allows us to not only meet but exceed client expectations, delivering the most optimal experience.<\/p>\t\t\t\t\t\t<\/div>\n\t\t\t\t<\/div>\n\t\t\t\t<\/div>\n\t\t\t\t\t<\/div>\n\t\t\t\t<\/div>\n\t\t\t\t<\/div>\n\t\t\t\t\t<\/div>\n\t\t<\/div>\n\t\t\t\t<\/div>\n\t\t\t\t<\/div>\n\t\t\t\t<\/div>\n\t\t\t\t<\/div>","protected":false},"excerpt":{"rendered":"<p>T\u1ea7m nh\u00ecn &amp; Gi\u00e1 tr\u1ecb c\u1ed1t l\u00f5i GI\u00daP NH\u00c0 \u0110\u1ea6U T\u01af PH\u00c1T TRI\u1ec2N D\u1ef0 \u00c1N M\u1ed8T C\u00c1CH CHUY\u00caN NGHI\u1ec6P V\u00c0 HI\u1ec6U QU\u1ea2 T\u1ea7m nh\u00ecn Gi\u00e1 tr\u1ecb c\u1ed1t l\u00f5i Kh\u00f4ng ch\u1ec9 l\u00e0 gi\u1ea3i ph\u00e1p, m\u00e0 c\u00f2n l\u00e0 tr\u1ea3i nghi\u1ec7m v\u01b0\u1ee3t tr\u1ed9i M\u1ee5c ti\u00eau ch\u00fang t\u00f4i l\u00e0 tr\u1edf th\u00e0nh 1 trong 7 c\u00f4ng ty t\u01b0 v\u1ea5n x\u00e2y [&hellip;]<\/p>","protected":false},"author":1,"featured_media":0,"parent":0,"menu_order":4,"comment_status":"closed","ping_status":"closed","template":"template-homepage.php","meta":{"footnotes":""},"class_list":["post-43","page","type-page","status-publish","hentry"],"_links":{"self":[{"href":"https:\/\/vndc.com.vn\/en\/wp-json\/wp\/v2\/pages\/43","targetHints":{"allow":["GET"]}}],"collection":[{"href":"https:\/\/vndc.com.vn\/en\/wp-json\/wp\/v2\/pages"}],"about":[{"href":"https:\/\/vndc.com.vn\/en\/wp-json\/wp\/v2\/types\/page"}],"author":[{"embeddable":true,"href":"https:\/\/vndc.com.vn\/en\/wp-json\/wp\/v2\/users\/1"}],"replies":[{"embeddable":true,"href":"https:\/\/vndc.com.vn\/en\/wp-json\/wp\/v2\/comments?post=43"}],"version-history":[{"count":4,"href":"https:\/\/vndc.com.vn\/en\/wp-json\/wp\/v2\/pages\/43\/revisions"}],"predecessor-version":[{"id":6343,"href":"https:\/\/vndc.com.vn\/en\/wp-json\/wp\/v2\/pages\/43\/revisions\/6343"}],"wp:attachment":[{"href":"https:\/\/vndc.com.vn\/en\/wp-json\/wp\/v2\/media?parent=43"}],"curies":[{"name":"wp","href":"https:\/\/api.w.org\/{rel}","templated":true}]}}